{"id":414,"date":"2024-12-24T23:52:54","date_gmt":"2024-12-24T22:52:54","guid":{"rendered":"https:\/\/guibudi.com\/ec\/contact-us\/"},"modified":"2025-12-19T14:45:46","modified_gmt":"2025-12-19T19:45:46","slug":"contactanos","status":"publish","type":"page","link":"https:\/\/guibudi.com\/ec\/contactanos\/","title":{"rendered":"Cont\u00e1ctanos"},"content":{"rendered":"\t\t<div data-elementor-type=\"wp-post\" data-elementor-id=\"414\" class=\"elementor elementor-414\" data-elementor-post-type=\"page\">\n\t\t\t\t<div class=\"elementor-element elementor-element-d6187a0 e-con-full e-flex e-con e-parent\" data-id=\"d6187a0\" data-element_type=\"container\" data-e-type=\"container\" data-settings=\"{&quot;background_background&quot;:&quot;classic&quot;}\">\n\t\t<div class=\"elementor-element elementor-element-53b62fa e-con-full e-flex e-con e-child\" data-id=\"53b62fa\" data-element_type=\"container\" data-e-type=\"container\">\n\t\t\t\t<div class=\"elementor-element elementor-element-94e3402 elementor-widget elementor-widget-heading\" data-id=\"94e3402\" data-element_type=\"widget\" data-e-type=\"widget\" data-widget_type=\"heading.default\">\n\t\t\t\t<div class=\"elementor-widget-container\">\n\t\t\t\t\t<h1 class=\"elementor-heading-title elementor-size-default\">Cont\u00e1ctanos<\/h1>\t\t\t\t<\/div>\n\t\t\t\t<\/div>\n\t\t\t\t<\/div>\n\t\t\t\t<\/div>\n\t\t<div class=\"elementor-element elementor-element-7f18638 e-flex e-con-boxed e-con e-parent\" data-id=\"7f18638\" data-element_type=\"container\" data-e-type=\"container\" data-settings=\"{&quot;background_background&quot;:&quot;gradient&quot;}\">\n\t\t\t\t\t<div class=\"e-con-inner\">\n\t\t<div class=\"elementor-element elementor-element-9050820 e-con-full e-flex e-con e-child\" data-id=\"9050820\" data-element_type=\"container\" data-e-type=\"container\">\n\t\t\t\t<div class=\"elementor-element elementor-element-17b55d6 elementor-widget elementor-widget-heading\" data-id=\"17b55d6\" data-element_type=\"widget\" data-e-type=\"widget\" data-widget_type=\"heading.default\">\n\t\t\t\t<div class=\"elementor-widget-container\">\n\t\t\t\t\t<h4 class=\"elementor-heading-title elementor-size-default\">Queremos saber de t\u00ed<\/h4>\t\t\t\t<\/div>\n\t\t\t\t<\/div>\n\t\t\t\t<div class=\"elementor-element elementor-element-dae4969 elementor-widget elementor-widget-text-editor\" data-id=\"dae4969\" data-element_type=\"widget\" data-e-type=\"widget\" data-widget_type=\"text-editor.default\">\n\t\t\t\t<div class=\"elementor-widget-container\">\n\t\t\t\t\t\t\t\t\t<p>D\u00e9janos tu mensaje y nos pondremos en contacto contigo a la brevedad. \u00a1Nos encanta escucharte!<\/p>\t\t\t\t\t\t\t\t<\/div>\n\t\t\t\t<\/div>\n\t\t\t\t<div class=\"elementor-element elementor-element-b5e0767 elementor-view-default elementor-position-block-start elementor-mobile-position-block-start elementor-widget elementor-widget-icon-box\" data-id=\"b5e0767\" data-element_type=\"widget\" data-e-type=\"widget\" data-widget_type=\"icon-box.default\">\n\t\t\t\t<div class=\"elementor-widget-container\">\n\t\t\t\t\t\t\t<div class=\"elementor-icon-box-wrapper\">\n\n\t\t\t\t\t\t<div class=\"elementor-icon-box-icon\">\n\t\t\t\t<span  class=\"elementor-icon\">\n\t\t\t\t<i aria-hidden=\"true\" class=\"far fa-envelope\"><\/i>\t\t\t\t<\/span>\n\t\t\t<\/div>\n\t\t\t\n\t\t\t\t\t\t<div class=\"elementor-icon-box-content\">\n\n\t\t\t\t\t\t\t\t\t<h5 class=\"elementor-icon-box-title\">\n\t\t\t\t\t\t<span  >\n\t\t\t\t\t\t\tEmail\t\t\t\t\t\t<\/span>\n\t\t\t\t\t<\/h5>\n\t\t\t\t\n\t\t\t\t\t\t\t\t\t<p class=\"elementor-icon-box-description\">\n\t\t\t\t\t\tcliente.ecuador@guibudi.com   <br>\necuador@guibudi.com \t\t\t\t\t<\/p>\n\t\t\t\t\n\t\t\t<\/div>\n\t\t\t\n\t\t<\/div>\n\t\t\t\t\t\t<\/div>\n\t\t\t\t<\/div>\n\t\t\t\t<div class=\"elementor-element elementor-element-5503b82 elementor-widget elementor-widget-heading\" data-id=\"5503b82\" data-element_type=\"widget\" data-e-type=\"widget\" data-widget_type=\"heading.default\">\n\t\t\t\t<div class=\"elementor-widget-container\">\n\t\t\t\t\t<h4 class=\"elementor-heading-title elementor-size-default\">S\u00edguenos en<\/h4>\t\t\t\t<\/div>\n\t\t\t\t<\/div>\n\t\t\t\t<div class=\"elementor-element elementor-element-76592aa elementor-shape-square elementor-grid-0 e-grid-align-center elementor-widget elementor-widget-social-icons\" data-id=\"76592aa\" data-element_type=\"widget\" data-e-type=\"widget\" data-widget_type=\"social-icons.default\">\n\t\t\t\t<div class=\"elementor-widget-container\">\n\t\t\t\t\t\t\t<div class=\"elementor-social-icons-wrapper elementor-grid\" role=\"list\">\n\t\t\t\t\t\t\t<span class=\"elementor-grid-item\" role=\"listitem\">\n\t\t\t\t\t<a class=\"elementor-icon elementor-social-icon elementor-social-icon-x-twitter elementor-repeater-item-221a0c8\" href=\"https:\/\/x.com\/GuibudiEcuador\" target=\"_blank\">\n\t\t\t\t\t\t<span class=\"elementor-screen-only\">X-twitter<\/span>\n\t\t\t\t\t\t<i aria-hidden=\"true\" class=\"fab fa-x-twitter\"><\/i>\t\t\t\t\t<\/a>\n\t\t\t\t<\/span>\n\t\t\t\t\t\t\t<span class=\"elementor-grid-item\" role=\"listitem\">\n\t\t\t\t\t<a class=\"elementor-icon elementor-social-icon elementor-social-icon-youtube elementor-repeater-item-70762fa\" href=\"https:\/\/www.youtube.com\/@GuibudiEcuador\" target=\"_blank\">\n\t\t\t\t\t\t<span class=\"elementor-screen-only\">Youtube<\/span>\n\t\t\t\t\t\t<i aria-hidden=\"true\" class=\"fab fa-youtube\"><\/i>\t\t\t\t\t<\/a>\n\t\t\t\t<\/span>\n\t\t\t\t\t\t\t<span class=\"elementor-grid-item\" role=\"listitem\">\n\t\t\t\t\t<a class=\"elementor-icon elementor-social-icon elementor-social-icon-facebook-f elementor-repeater-item-80ce16d\" href=\"https:\/\/www.facebook.com\/guibudiecuador\/\" target=\"_blank\">\n\t\t\t\t\t\t<span class=\"elementor-screen-only\">Facebook-f<\/span>\n\t\t\t\t\t\t<i aria-hidden=\"true\" class=\"fab fa-facebook-f\"><\/i>\t\t\t\t\t<\/a>\n\t\t\t\t<\/span>\n\t\t\t\t\t\t\t<span class=\"elementor-grid-item\" role=\"listitem\">\n\t\t\t\t\t<a class=\"elementor-icon elementor-social-icon elementor-social-icon-instagram elementor-repeater-item-0e70e62\" href=\"https:\/\/www.instagram.com\/guibudiecuador\/\" target=\"_blank\">\n\t\t\t\t\t\t<span class=\"elementor-screen-only\">Instagram<\/span>\n\t\t\t\t\t\t<i aria-hidden=\"true\" class=\"fab fa-instagram\"><\/i>\t\t\t\t\t<\/a>\n\t\t\t\t<\/span>\n\t\t\t\t\t\t\t<span class=\"elementor-grid-item\" role=\"listitem\">\n\t\t\t\t\t<a class=\"elementor-icon elementor-social-icon elementor-social-icon-tiktok elementor-repeater-item-f189c6c\" href=\"https:\/\/www.tiktok.com\/@guibudi.ecuador\" target=\"_blank\">\n\t\t\t\t\t\t<span class=\"elementor-screen-only\">Tiktok<\/span>\n\t\t\t\t\t\t<i aria-hidden=\"true\" class=\"fab fa-tiktok\"><\/i>\t\t\t\t\t<\/a>\n\t\t\t\t<\/span>\n\t\t\t\t\t<\/div>\n\t\t\t\t\t\t<\/div>\n\t\t\t\t<\/div>\n\t\t\t\t<div class=\"elementor-element elementor-element-a9f806b elementor-align-center elementor-widget elementor-widget-button\" data-id=\"a9f806b\" data-element_type=\"widget\" data-e-type=\"widget\" data-widget_type=\"button.default\">\n\t\t\t\t<div class=\"elementor-widget-container\">\n\t\t\t\t\t\t\t\t\t<div class=\"elementor-button-wrapper\">\n\t\t\t\t\t<a class=\"elementor-button elementor-button-link elementor-size-sm\" href=\"https:\/\/play.google.com\/store\/apps\/details?id=com.guibutaxi.ec&#038;hl=es_PA\">\n\t\t\t\t\t\t<span class=\"elementor-button-content-wrapper\">\n\t\t\t\t\t\t\t\t\t<span class=\"elementor-button-text\">Descarga  Guibudi Trip<\/span>\n\t\t\t\t\t<\/span>\n\t\t\t\t\t<\/a>\n\t\t\t\t<\/div>\n\t\t\t\t\t\t\t\t<\/div>\n\t\t\t\t<\/div>\n\t\t\t\t<\/div>\n\t\t<div class=\"elementor-element elementor-element-3d4ce27 e-con-full e-flex e-con e-child\" data-id=\"3d4ce27\" data-element_type=\"container\" data-e-type=\"container\" data-settings=\"{&quot;background_background&quot;:&quot;classic&quot;}\">\n\t\t\t\t<div class=\"elementor-element elementor-element-2e18bdf elementor-widget elementor-widget-shortcode\" data-id=\"2e18bdf\" data-element_type=\"widget\" data-e-type=\"widget\" data-widget_type=\"shortcode.default\">\n\t\t\t\t<div class=\"elementor-widget-container\">\n\t\t\t\t\t\t\t<div class=\"elementor-shortcode\"><div class=\"wpforms-container \" id=\"wpforms-17\"><form id=\"wpforms-form-17\" class=\"wpforms-validate wpforms-form\" data-formid=\"17\" method=\"post\" enctype=\"multipart\/form-data\" action=\"\/ec\/wp-json\/wp\/v2\/pages\/414\" data-token=\"6b4525721116fe8abde78ed1a211067d\"><noscript class=\"wpforms-error-noscript\">Por favor, activa JavaScript en tu navegador para completar este formulario.<\/noscript><div class=\"wpforms-field-container\"><div id=\"wpforms-17-field_0-container\" class=\"wpforms-field wpforms-field-name\" data-field-id=\"0\"><label class=\"wpforms-field-label wpforms-label-hide\" for=\"wpforms-17-field_0\">Name <span class=\"wpforms-required-label\">*<\/span><\/label><div class=\"wpforms-field-row wpforms-field-large\"><div class=\"wpforms-field-row-block wpforms-first wpforms-one-half\"><input type=\"text\" id=\"wpforms-17-field_0\" class=\"wpforms-field-name-first wpforms-field-required\" name=\"wpforms[fields][0][first]\" placeholder=\"Nombre\" required><label for=\"wpforms-17-field_0\" class=\"wpforms-field-sublabel after wpforms-sublabel-hide\">Nombre<\/label><\/div><div class=\"wpforms-field-row-block wpforms-one-half\"><input type=\"text\" id=\"wpforms-17-field_0-last\" class=\"wpforms-field-name-last wpforms-field-required\" name=\"wpforms[fields][0][last]\" placeholder=\"Apellido\" required><label for=\"wpforms-17-field_0-last\" class=\"wpforms-field-sublabel after wpforms-sublabel-hide\">Apellidos<\/label><\/div><\/div><\/div><div id=\"wpforms-17-field_5-container\" class=\"wpforms-field wpforms-field-text\" data-field-id=\"5\"><label class=\"wpforms-field-label wpforms-label-hide\" for=\"wpforms-17-field_5\">Asunto <span class=\"wpforms-required-label\">*<\/span><\/label><input type=\"text\" id=\"wpforms-17-field_5\" class=\"wpforms-field-large wpforms-field-required\" name=\"wpforms[fields][5]\" placeholder=\"Ingresa un asunto\" required><\/div><div id=\"wpforms-17-field_4-container\" class=\"wpforms-field wpforms-field-email\" data-field-id=\"4\"><label class=\"wpforms-field-label wpforms-label-hide\" for=\"wpforms-17-field_4\">Email <span class=\"wpforms-required-label\">*<\/span><\/label><input type=\"email\" id=\"wpforms-17-field_4\" class=\"wpforms-field-large wpforms-field-required\" name=\"wpforms[fields][4]\" placeholder=\"Email\" spellcheck=\"false\" required><\/div><div id=\"wpforms-17-field_2-container\" class=\"wpforms-field wpforms-field-textarea\" data-field-id=\"2\"><label class=\"wpforms-field-label wpforms-label-hide\" for=\"wpforms-17-field_2\">Comentario o mensaje <span class=\"wpforms-required-label\">*<\/span><\/label><textarea id=\"wpforms-17-field_2\" class=\"wpforms-field-small wpforms-field-required\" name=\"wpforms[fields][2]\" placeholder=\"Ingresa tu comentario o mensaje\" required><\/textarea><\/div><div id=\"wpforms-17-field_6-container\" class=\"wpforms-field wpforms-field-gdpr-checkbox\" data-field-id=\"6\"><label class=\"wpforms-field-label\" for=\"wpforms-17-field_6\">Aceptaci\u00f3n Pol\u00edtica de Privacidad (PPTDPGEC) <span class=\"wpforms-required-label\">*<\/span><\/label><ul id=\"wpforms-17-field_6\" class=\"wpforms-field-required\"><li class=\"choice-1\"><input type=\"checkbox\" id=\"wpforms-17-field_6_1\" name=\"wpforms[fields][6][]\" value=\"Doy mi consentimiento para que esta web almacene la informaci\u00f3n que env\u00edo para que puedan responder a mi petici\u00f3n.\" required ><label class=\"wpforms-field-label-inline\" for=\"wpforms-17-field_6_1\">Doy mi consentimiento para que esta web almacene la informaci\u00f3n que env\u00edo para que puedan responder a mi petici\u00f3n.<\/label><\/li><\/ul><\/div><\/div><!-- .wpforms-field-container --><div class=\"wpforms-field wpforms-field-hp\"><label for=\"wpforms-17-field-hp\" class=\"wpforms-field-label\">Comment<\/label><input type=\"text\" name=\"wpforms[hp]\" id=\"wpforms-17-field-hp\" class=\"wpforms-field-medium\"><\/div><div class=\"wpforms-recaptcha-container wpforms-is-recaptcha\" ><div class=\"g-recaptcha\" data-sitekey=\"6Ld_rzAqAAAAAOjsmg_lXOrks4OmciuzX086bf2h\"><\/div><input type=\"text\" name=\"g-recaptcha-hidden\" class=\"wpforms-recaptcha-hidden\" style=\"position:absolute!important;clip:rect(0,0,0,0)!important;height:1px!important;width:1px!important;border:0!important;overflow:hidden!important;padding:0!important;margin:0!important;\" data-rule-recaptcha=\"1\"><\/div><div class=\"wpforms-submit-container\" ><input type=\"hidden\" name=\"wpforms[id]\" value=\"17\"><input type=\"hidden\" name=\"wpforms[author]\" value=\"1\"><button type=\"submit\" name=\"wpforms[submit]\" id=\"wpforms-submit-17\" class=\"wpforms-submit\" data-alt-text=\"Enviando...\" data-submit-text=\"Enviar mensaje\" aria-live=\"assertive\" value=\"wpforms-submit\">Enviar mensaje<\/button><\/div><\/form><\/div>  <!-- .wpforms-container --><\/div>\n\t\t\t\t\t\t<\/div>\n\t\t\t\t<\/div>\n\t\t\t\t<\/div>\n\t\t\t\t\t<\/div>\n\t\t\t\t<\/div>\n\t\t\t\t<\/div>\n\t\t","protected":false},"excerpt":{"rendered":"<p>Cont\u00e1ctanos Queremos saber de t\u00ed D\u00e9janos tu mensaje y nos pondremos en contacto contigo a la brevedad. \u00a1Nos encanta escucharte! Email cliente.ecuador@guibudi.com ecuador@guibudi.com S\u00edguenos en X-twitter Youtube Facebook-f Instagram Tiktok Descarga Guibudi Trip<\/p>\n","protected":false},"author":1,"featured_media":4444,"parent":0,"menu_order":0,"comment_status":"closed","ping_status":"closed","template":"","meta":{"site-sidebar-layout":"no-sidebar","site-content-layout":"page-builder","ast-site-content-layout":"full-width-container","site-content-style":"unboxed","site-sidebar-style":"unboxed","ast-global-header-display":"","ast-banner-title-visibility":"","ast-main-header-display":"","ast-hfb-above-header-display":"","ast-hfb-below-header-display":"","ast-hfb-mobile-header-display":"","site-post-title":"disabled","ast-breadcrumbs-content":"","ast-featured-img":"disabled","footer-sml-layout":"","ast-disable-related-posts":"","theme-transparent-header-meta":"enabled","adv-header-id-meta":"","stick-header-meta":"","header-above-stick-meta":"","header-main-stick-meta":"","header-below-stick-meta":"","astra-migrate-meta-layouts":"set","ast-page-background-enabled":"default","ast-page-background-meta":{"desktop":{"background-color":"","background-image":"","background-repeat":"repeat","background-position":"center center","background-size":"auto","background-attachment":"scroll","background-type":"","background-media":"","overlay-type":"","overlay-color":"","overlay-opacity":"","overlay-gradient":""},"tablet":{"background-color":"","background-image":"","background-repeat":"repeat","background-position":"center center","background-size":"auto","background-attachment":"scroll","background-type":"","background-media":"","overlay-type":"","overlay-color":"","overlay-opacity":"","overlay-gradient":""},"mobile":{"background-color":"","background-image":"","background-repeat":"repeat","background-position":"center center","background-size":"auto","background-attachment":"scroll","background-type":"","background-media":"","overlay-type":"","overlay-color":"","overlay-opacity":"","overlay-gradient":""}},"ast-content-background-meta":{"desktop":{"background-color":"var(--ast-global-color-5)","background-image":"","background-repeat":"repeat","background-position":"center center","background-size":"auto","background-attachment":"scroll","background-type":"","background-media":"","overlay-type":"","overlay-color":"","overlay-opacity":"","overlay-gradient":""},"tablet":{"background-color":"var(--ast-global-color-5)","background-image":"","background-repeat":"repeat","background-position":"center center","background-size":"auto","background-attachment":"scroll","background-type":"","background-media":"","overlay-type":"","overlay-color":"","overlay-opacity":"","overlay-gradient":""},"mobile":{"background-color":"var(--ast-global-color-5)","background-image":"","background-repeat":"repeat","background-position":"center center","background-size":"auto","background-attachment":"scroll","background-type":"","background-media":"","overlay-type":"","overlay-color":"","overlay-opacity":"","overlay-gradient":""}},"_joinchat":[],"footnotes":""},"class_list":["post-414","page","type-page","status-publish","has-post-thumbnail","hentry"],"yoast_head":"<!-- This site is optimized with the Yoast SEO plugin v27.4 - https:\/\/yoast.com\/product\/yoast-seo-wordpress\/ -->\n<title>Cont\u00e1ctanos - Guibudi Ecuador<\/title>\n<meta name=\"description\" content=\"Guibudi Ecuador | Con &quot;Guibudi Trip&quot; reg\u00edstrate y viaja de forma c\u00f3moda y segura como Pasajero o genera ingresos como Conductor Seguro \u2714\" \/>\n<meta name=\"robots\" content=\"index, follow, max-snippet:-1, max-image-preview:large, max-video-preview:-1\" \/>\n<link rel=\"canonical\" href=\"https:\/\/guibudi.com\/ec\/contactanos\/\" \/>\n<meta property=\"og:locale\" content=\"es_ES\" \/>\n<meta property=\"og:type\" content=\"article\" \/>\n<meta property=\"og:title\" content=\"Cont\u00e1ctanos - Guibudi Ecuador\" \/>\n<meta property=\"og:description\" content=\"Guibudi Ecuador | Con &quot;Guibudi Trip&quot; reg\u00edstrate y viaja de forma c\u00f3moda y segura como Pasajero o genera ingresos como Conductor Seguro \u2714\" \/>\n<meta property=\"og:url\" content=\"https:\/\/guibudi.com\/ec\/contactanos\/\" \/>\n<meta property=\"og:site_name\" content=\"Guibudi Ecuador\" \/>\n<meta property=\"article:publisher\" content=\"https:\/\/www.facebook.com\/guibudiecuador\/\" \/>\n<meta property=\"article:modified_time\" content=\"2025-12-19T19:45:46+00:00\" \/>\n<meta property=\"og:image\" content=\"https:\/\/guibudi.com\/ec\/wp-content\/uploads\/sites\/2\/2025\/04\/cropped-G0102.png\" \/>\n\t<meta property=\"og:image:width\" content=\"512\" \/>\n\t<meta property=\"og:image:height\" content=\"512\" \/>\n\t<meta property=\"og:image:type\" content=\"image\/png\" \/>\n<meta name=\"twitter:card\" content=\"summary_large_image\" \/>\n<meta name=\"twitter:site\" content=\"@GubudiEcuador\" \/>\n<meta name=\"twitter:label1\" content=\"Tiempo de lectura\" \/>\n\t<meta name=\"twitter:data1\" content=\"1 minuto\" \/>\n<script type=\"application\/ld+json\" class=\"yoast-schema-graph\">{\"@context\":\"https:\\\/\\\/schema.org\",\"@graph\":[{\"@type\":\"WebPage\",\"@id\":\"https:\\\/\\\/guibudi.com\\\/ec\\\/contactanos\\\/\",\"url\":\"https:\\\/\\\/guibudi.com\\\/ec\\\/contactanos\\\/\",\"name\":\"Cont\u00e1ctanos - Guibudi Ecuador\",\"isPartOf\":{\"@id\":\"https:\\\/\\\/guibudi.com\\\/ec\\\/#website\"},\"primaryImageOfPage\":{\"@id\":\"https:\\\/\\\/guibudi.com\\\/ec\\\/contactanos\\\/#primaryimage\"},\"image\":{\"@id\":\"https:\\\/\\\/guibudi.com\\\/ec\\\/contactanos\\\/#primaryimage\"},\"thumbnailUrl\":\"https:\\\/\\\/guibudi.com\\\/ec\\\/wp-content\\\/uploads\\\/sites\\\/2\\\/2025\\\/04\\\/cropped-G0102.png\",\"datePublished\":\"2024-12-24T22:52:54+00:00\",\"dateModified\":\"2025-12-19T19:45:46+00:00\",\"description\":\"Guibudi Ecuador | Con \\\"Guibudi Trip\\\" reg\u00edstrate y viaja de forma c\u00f3moda y segura como Pasajero o genera ingresos como Conductor Seguro \u2714\",\"breadcrumb\":{\"@id\":\"https:\\\/\\\/guibudi.com\\\/ec\\\/contactanos\\\/#breadcrumb\"},\"inLanguage\":\"es\",\"potentialAction\":[{\"@type\":\"ReadAction\",\"target\":[\"https:\\\/\\\/guibudi.com\\\/ec\\\/contactanos\\\/\"]}]},{\"@type\":\"ImageObject\",\"inLanguage\":\"es\",\"@id\":\"https:\\\/\\\/guibudi.com\\\/ec\\\/contactanos\\\/#primaryimage\",\"url\":\"https:\\\/\\\/guibudi.com\\\/ec\\\/wp-content\\\/uploads\\\/sites\\\/2\\\/2025\\\/04\\\/cropped-G0102.png\",\"contentUrl\":\"https:\\\/\\\/guibudi.com\\\/ec\\\/wp-content\\\/uploads\\\/sites\\\/2\\\/2025\\\/04\\\/cropped-G0102.png\",\"width\":512,\"height\":512},{\"@type\":\"BreadcrumbList\",\"@id\":\"https:\\\/\\\/guibudi.com\\\/ec\\\/contactanos\\\/#breadcrumb\",\"itemListElement\":[{\"@type\":\"ListItem\",\"position\":1,\"name\":\"Portada\",\"item\":\"https:\\\/\\\/guibudi.com\\\/ec\\\/\"},{\"@type\":\"ListItem\",\"position\":2,\"name\":\"Cont\u00e1ctanos\"}]},{\"@type\":\"WebSite\",\"@id\":\"https:\\\/\\\/guibudi.com\\\/ec\\\/#website\",\"url\":\"https:\\\/\\\/guibudi.com\\\/ec\\\/\",\"name\":\"Guibudi\",\"description\":\"Viaja como pasajero o genera dinero como conductor\",\"publisher\":{\"@id\":\"https:\\\/\\\/guibudi.com\\\/ec\\\/#organization\"},\"alternateName\":\"Guibudi Ecuador\",\"potentialAction\":[{\"@type\":\"SearchAction\",\"target\":{\"@type\":\"EntryPoint\",\"urlTemplate\":\"https:\\\/\\\/guibudi.com\\\/ec\\\/?s={search_term_string}\"},\"query-input\":{\"@type\":\"PropertyValueSpecification\",\"valueRequired\":true,\"valueName\":\"search_term_string\"}}],\"inLanguage\":\"es\"},{\"@type\":\"Organization\",\"@id\":\"https:\\\/\\\/guibudi.com\\\/ec\\\/#organization\",\"name\":\"Guibudi Technologies\",\"alternateName\":\"Guibudi Technologies\",\"url\":\"https:\\\/\\\/guibudi.com\\\/ec\\\/\",\"logo\":{\"@type\":\"ImageObject\",\"inLanguage\":\"es\",\"@id\":\"https:\\\/\\\/guibudi.com\\\/ec\\\/#\\\/schema\\\/logo\\\/image\\\/\",\"url\":\"https:\\\/\\\/guibudi.com\\\/ec\\\/wp-content\\\/uploads\\\/sites\\\/2\\\/2025\\\/10\\\/Logo-GUIBUDI-TRIP-TS.png\",\"contentUrl\":\"https:\\\/\\\/guibudi.com\\\/ec\\\/wp-content\\\/uploads\\\/sites\\\/2\\\/2025\\\/10\\\/Logo-GUIBUDI-TRIP-TS.png\",\"width\":767,\"height\":767,\"caption\":\"Guibudi Technologies\"},\"image\":{\"@id\":\"https:\\\/\\\/guibudi.com\\\/ec\\\/#\\\/schema\\\/logo\\\/image\\\/\"},\"sameAs\":[\"https:\\\/\\\/www.facebook.com\\\/guibudiecuador\\\/\",\"https:\\\/\\\/x.com\\\/GubudiEcuador\"]}]}<\/script>\n<!-- \/ Yoast SEO plugin. -->","yoast_head_json":{"title":"Cont\u00e1ctanos - Guibudi Ecuador","description":"Guibudi Ecuador | Con \"Guibudi Trip\" reg\u00edstrate y viaja de forma c\u00f3moda y segura como Pasajero o genera ingresos como Conductor Seguro \u2714","robots":{"index":"index","follow":"follow","max-snippet":"max-snippet:-1","max-image-preview":"max-image-preview:large","max-video-preview":"max-video-preview:-1"},"canonical":"https:\/\/guibudi.com\/ec\/contactanos\/","og_locale":"es_ES","og_type":"article","og_title":"Cont\u00e1ctanos - Guibudi Ecuador","og_description":"Guibudi Ecuador | Con \"Guibudi Trip\" reg\u00edstrate y viaja de forma c\u00f3moda y segura como Pasajero o genera ingresos como Conductor Seguro \u2714","og_url":"https:\/\/guibudi.com\/ec\/contactanos\/","og_site_name":"Guibudi Ecuador","article_publisher":"https:\/\/www.facebook.com\/guibudiecuador\/","article_modified_time":"2025-12-19T19:45:46+00:00","og_image":[{"width":512,"height":512,"url":"https:\/\/guibudi.com\/ec\/wp-content\/uploads\/sites\/2\/2025\/04\/cropped-G0102.png","type":"image\/png"}],"twitter_card":"summary_large_image","twitter_site":"@GubudiEcuador","twitter_misc":{"Tiempo de lectura":"1 minuto"},"schema":{"@context":"https:\/\/schema.org","@graph":[{"@type":"WebPage","@id":"https:\/\/guibudi.com\/ec\/contactanos\/","url":"https:\/\/guibudi.com\/ec\/contactanos\/","name":"Cont\u00e1ctanos - Guibudi Ecuador","isPartOf":{"@id":"https:\/\/guibudi.com\/ec\/#website"},"primaryImageOfPage":{"@id":"https:\/\/guibudi.com\/ec\/contactanos\/#primaryimage"},"image":{"@id":"https:\/\/guibudi.com\/ec\/contactanos\/#primaryimage"},"thumbnailUrl":"https:\/\/guibudi.com\/ec\/wp-content\/uploads\/sites\/2\/2025\/04\/cropped-G0102.png","datePublished":"2024-12-24T22:52:54+00:00","dateModified":"2025-12-19T19:45:46+00:00","description":"Guibudi Ecuador | Con \"Guibudi Trip\" reg\u00edstrate y viaja de forma c\u00f3moda y segura como Pasajero o genera ingresos como Conductor Seguro \u2714","breadcrumb":{"@id":"https:\/\/guibudi.com\/ec\/contactanos\/#breadcrumb"},"inLanguage":"es","potentialAction":[{"@type":"ReadAction","target":["https:\/\/guibudi.com\/ec\/contactanos\/"]}]},{"@type":"ImageObject","inLanguage":"es","@id":"https:\/\/guibudi.com\/ec\/contactanos\/#primaryimage","url":"https:\/\/guibudi.com\/ec\/wp-content\/uploads\/sites\/2\/2025\/04\/cropped-G0102.png","contentUrl":"https:\/\/guibudi.com\/ec\/wp-content\/uploads\/sites\/2\/2025\/04\/cropped-G0102.png","width":512,"height":512},{"@type":"BreadcrumbList","@id":"https:\/\/guibudi.com\/ec\/contactanos\/#breadcrumb","itemListElement":[{"@type":"ListItem","position":1,"name":"Portada","item":"https:\/\/guibudi.com\/ec\/"},{"@type":"ListItem","position":2,"name":"Cont\u00e1ctanos"}]},{"@type":"WebSite","@id":"https:\/\/guibudi.com\/ec\/#website","url":"https:\/\/guibudi.com\/ec\/","name":"Guibudi","description":"Viaja como pasajero o genera dinero como conductor","publisher":{"@id":"https:\/\/guibudi.com\/ec\/#organization"},"alternateName":"Guibudi Ecuador","potentialAction":[{"@type":"SearchAction","target":{"@type":"EntryPoint","urlTemplate":"https:\/\/guibudi.com\/ec\/?s={search_term_string}"},"query-input":{"@type":"PropertyValueSpecification","valueRequired":true,"valueName":"search_term_string"}}],"inLanguage":"es"},{"@type":"Organization","@id":"https:\/\/guibudi.com\/ec\/#organization","name":"Guibudi Technologies","alternateName":"Guibudi Technologies","url":"https:\/\/guibudi.com\/ec\/","logo":{"@type":"ImageObject","inLanguage":"es","@id":"https:\/\/guibudi.com\/ec\/#\/schema\/logo\/image\/","url":"https:\/\/guibudi.com\/ec\/wp-content\/uploads\/sites\/2\/2025\/10\/Logo-GUIBUDI-TRIP-TS.png","contentUrl":"https:\/\/guibudi.com\/ec\/wp-content\/uploads\/sites\/2\/2025\/10\/Logo-GUIBUDI-TRIP-TS.png","width":767,"height":767,"caption":"Guibudi Technologies"},"image":{"@id":"https:\/\/guibudi.com\/ec\/#\/schema\/logo\/image\/"},"sameAs":["https:\/\/www.facebook.com\/guibudiecuador\/","https:\/\/x.com\/GubudiEcuador"]}]}},"jetpack_sharing_enabled":true,"_links":{"self":[{"href":"https:\/\/guibudi.com\/ec\/wp-json\/wp\/v2\/pages\/414","targetHints":{"allow":["GET"]}}],"collection":[{"href":"https:\/\/guibudi.com\/ec\/wp-json\/wp\/v2\/pages"}],"about":[{"href":"https:\/\/guibudi.com\/ec\/wp-json\/wp\/v2\/types\/page"}],"author":[{"embeddable":true,"href":"https:\/\/guibudi.com\/ec\/wp-json\/wp\/v2\/users\/1"}],"replies":[{"embeddable":true,"href":"https:\/\/guibudi.com\/ec\/wp-json\/wp\/v2\/comments?post=414"}],"version-history":[{"count":52,"href":"https:\/\/guibudi.com\/ec\/wp-json\/wp\/v2\/pages\/414\/revisions"}],"predecessor-version":[{"id":6771,"href":"https:\/\/guibudi.com\/ec\/wp-json\/wp\/v2\/pages\/414\/revisions\/6771"}],"wp:featuredmedia":[{"embeddable":true,"href":"https:\/\/guibudi.com\/ec\/wp-json\/wp\/v2\/media\/4444"}],"wp:attachment":[{"href":"https:\/\/guibudi.com\/ec\/wp-json\/wp\/v2\/media?parent=414"}],"curies":[{"name":"wp","href":"https:\/\/api.w.org\/{rel}","templated":true}]}}