{"id":8,"date":"2024-12-23T19:39:27","date_gmt":"2024-12-23T18:39:27","guid":{"rendered":"https:\/\/guibudi.com\/ec\/mi-cuenta\/"},"modified":"2025-11-30T21:10:19","modified_gmt":"2025-12-01T02:10:19","slug":"mi-cuenta-tienda-guibudi-ecuador","status":"publish","type":"page","link":"https:\/\/guibudi.com\/ec\/mi-cuenta-tienda-guibudi-ecuador\/","title":{"rendered":"Mi cuenta Tienda"},"content":{"rendered":"\t\t<div data-elementor-type=\"wp-page\" data-elementor-id=\"8\" class=\"elementor elementor-8\" data-elementor-post-type=\"page\">\n\t\t\t\t<div class=\"elementor-element elementor-element-7cf91e5 e-flex e-con-boxed e-con e-parent\" data-id=\"7cf91e5\" data-element_type=\"container\" data-e-type=\"container\">\n\t\t\t\t\t<div class=\"e-con-inner\">\n\t\t\t\t<div class=\"elementor-element elementor-element-1a23987 elementor-widget elementor-widget-heading\" data-id=\"1a23987\" data-element_type=\"widget\" data-e-type=\"widget\" data-widget_type=\"heading.default\">\n\t\t\t\t<div class=\"elementor-widget-container\">\n\t\t\t\t\t<h4 class=\"elementor-heading-title elementor-size-default\">Reg\u00edstrate en la Tienda de Guibudi Ecuador<\/h4>\t\t\t\t<\/div>\n\t\t\t\t<\/div>\n\t\t\t\t\t<\/div>\n\t\t\t\t<\/div>\n\t\t<div class=\"elementor-element elementor-element-47bfaf4 e-flex e-con-boxed e-con e-parent\" data-id=\"47bfaf4\" data-element_type=\"container\" data-e-type=\"container\">\n\t\t\t\t\t<div class=\"e-con-inner\">\n\t\t\t\t<div class=\"elementor-element elementor-element-5671815 elementor-widget elementor-widget-text-editor\" data-id=\"5671815\" data-element_type=\"widget\" data-e-type=\"widget\" data-widget_type=\"text-editor.default\">\n\t\t\t\t<div class=\"elementor-widget-container\">\n\t\t\t\t\t\t\t\t\t<p>Inicia sesi\u00f3n o reg\u00edstrate en segundos para gestionar tus compras y consultar tu historial de pedidos.<\/p>\t\t\t\t\t\t\t\t<\/div>\n\t\t\t\t<\/div>\n\t\t\t\t\t<\/div>\n\t\t\t\t<\/div>\n\t\t<div class=\"elementor-element elementor-element-40c1184c e-flex e-con-boxed e-con e-parent\" data-id=\"40c1184c\" data-element_type=\"container\" data-e-type=\"container\">\n\t\t\t\t\t<div class=\"e-con-inner\">\n\t\t\t\t<div class=\"elementor-element elementor-element-1f8aca0b elementor-widget elementor-widget-text-editor\" data-id=\"1f8aca0b\" data-element_type=\"widget\" data-e-type=\"widget\" data-widget_type=\"text-editor.default\">\n\t\t\t\t<div class=\"elementor-widget-container\">\n\t\t\t\t\t\t\t\t\t<div class=\"woocommerce\"><\/div>\n\t\t\t\t\t\t\t\t<\/div>\n\t\t\t\t<\/div>\n\t\t\t\t\t<\/div>\n\t\t\t\t<\/div>\n\t\t\t\t<\/div>\n\t\t","protected":false},"excerpt":{"rendered":"<p>Reg\u00edstrate en la Tienda de Guibudi Ecuador Inicia sesi\u00f3n o reg\u00edstrate en segundos para gestionar tus compras y consultar tu historial de pedidos.<\/p>\n","protected":false},"author":1,"featured_media":4509,"parent":0,"menu_order":0,"comment_status":"closed","ping_status":"closed","template":"","meta":{"site-sidebar-layout":"default","site-content-layout":"","ast-site-content-layout":"default","site-content-style":"default","site-sidebar-style":"default","ast-global-header-display":"","ast-banner-title-visibility":"","ast-main-header-display":"","ast-hfb-above-header-display":"","ast-hfb-below-header-display":"","ast-hfb-mobile-header-display":"","site-post-title":"disabled","ast-breadcrumbs-content":"","ast-featured-img":"","footer-sml-layout":"","ast-disable-related-posts":"","theme-transparent-header-meta":"","adv-header-id-meta":"","stick-header-meta":"","header-above-stick-meta":"","header-main-stick-meta":"","header-below-stick-meta":"","astra-migrate-meta-layouts":"set","ast-page-background-enabled":"default","ast-page-background-meta":{"desktop":{"background-color":"","background-image":"","background-repeat":"repeat","background-position":"center center","background-size":"auto","background-attachment":"scroll","background-type":"","background-media":"","overlay-type":"","overlay-color":"","overlay-opacity":"","overlay-gradient":""},"tablet":{"background-color":"","background-image":"","background-repeat":"repeat","background-position":"center center","background-size":"auto","background-attachment":"scroll","background-type":"","background-media":"","overlay-type":"","overlay-color":"","overlay-opacity":"","overlay-gradient":""},"mobile":{"background-color":"","background-image":"","background-repeat":"repeat","background-position":"center center","background-size":"auto","background-attachment":"scroll","background-type":"","background-media":"","overlay-type":"","overlay-color":"","overlay-opacity":"","overlay-gradient":""}},"ast-content-background-meta":{"desktop":{"background-color":"var(--ast-global-color-5)","background-image":"","background-repeat":"repeat","background-position":"center center","background-size":"auto","background-attachment":"scroll","background-type":"","background-media":"","overlay-type":"","overlay-color":"","overlay-opacity":"","overlay-gradient":""},"tablet":{"background-color":"var(--ast-global-color-5)","background-image":"","background-repeat":"repeat","background-position":"center center","background-size":"auto","background-attachment":"scroll","background-type":"","background-media":"","overlay-type":"","overlay-color":"","overlay-opacity":"","overlay-gradient":""},"mobile":{"background-color":"var(--ast-global-color-5)","background-image":"","background-repeat":"repeat","background-position":"center center","background-size":"auto","background-attachment":"scroll","background-type":"","background-media":"","overlay-type":"","overlay-color":"","overlay-opacity":"","overlay-gradient":""}},"_joinchat":[],"footnotes":""},"class_list":["post-8","page","type-page","status-publish","has-post-thumbnail","hentry"],"yoast_head":"<!-- This site is optimized with the Yoast SEO plugin v27.4 - https:\/\/yoast.com\/product\/yoast-seo-wordpress\/ -->\n<title>Mi cuenta Tienda - Guibudi Ecuador<\/title>\n<meta name=\"description\" content=\"Guibudi Ecuador | Con &quot;Guibudi Trip&quot; reg\u00edstrate y viaja de forma c\u00f3moda y segura como Pasajero o genera ingresos como Conductor Seguro \u2714\" \/>\n<meta name=\"robots\" content=\"noindex, nofollow\" \/>\n<meta property=\"og:locale\" content=\"es_ES\" \/>\n<meta property=\"og:type\" content=\"article\" \/>\n<meta property=\"og:title\" content=\"Mi cuenta Tienda - Guibudi Ecuador\" \/>\n<meta property=\"og:description\" content=\"Guibudi Ecuador | Con &quot;Guibudi Trip&quot; reg\u00edstrate y viaja de forma c\u00f3moda y segura como Pasajero o genera ingresos como Conductor Seguro \u2714\" \/>\n<meta property=\"og:url\" content=\"https:\/\/guibudi.com\/ec\/mi-cuenta-tienda-guibudi-ecuador\/\" \/>\n<meta property=\"og:site_name\" content=\"Guibudi Ecuador\" \/>\n<meta property=\"article:publisher\" content=\"https:\/\/www.facebook.com\/guibudiecuador\/\" \/>\n<meta property=\"article:modified_time\" content=\"2025-12-01T02:10:19+00:00\" \/>\n<meta property=\"og:image\" content=\"https:\/\/guibudi.com\/ec\/wp-content\/uploads\/sites\/2\/2025\/10\/G0102.png\" \/>\n\t<meta property=\"og:image:width\" content=\"652\" \/>\n\t<meta property=\"og:image:height\" content=\"651\" \/>\n\t<meta property=\"og:image:type\" content=\"image\/png\" \/>\n<meta name=\"twitter:card\" content=\"summary_large_image\" \/>\n<meta name=\"twitter:site\" content=\"@GubudiEcuador\" \/>\n<meta name=\"twitter:label1\" content=\"Tiempo de lectura\" \/>\n\t<meta name=\"twitter:data1\" content=\"1 minuto\" \/>\n<script type=\"application\/ld+json\" class=\"yoast-schema-graph\">{\"@context\":\"https:\\\/\\\/schema.org\",\"@graph\":[{\"@type\":\"WebPage\",\"@id\":\"https:\\\/\\\/guibudi.com\\\/ec\\\/mi-cuenta-tienda-guibudi-ecuador\\\/\",\"url\":\"https:\\\/\\\/guibudi.com\\\/ec\\\/mi-cuenta-tienda-guibudi-ecuador\\\/\",\"name\":\"Mi cuenta Tienda - Guibudi Ecuador\",\"isPartOf\":{\"@id\":\"https:\\\/\\\/guibudi.com\\\/ec\\\/#website\"},\"primaryImageOfPage\":{\"@id\":\"https:\\\/\\\/guibudi.com\\\/ec\\\/mi-cuenta-tienda-guibudi-ecuador\\\/#primaryimage\"},\"image\":{\"@id\":\"https:\\\/\\\/guibudi.com\\\/ec\\\/mi-cuenta-tienda-guibudi-ecuador\\\/#primaryimage\"},\"thumbnailUrl\":\"https:\\\/\\\/guibudi.com\\\/ec\\\/wp-content\\\/uploads\\\/sites\\\/2\\\/2025\\\/10\\\/G0102.png\",\"datePublished\":\"2024-12-23T18:39:27+00:00\",\"dateModified\":\"2025-12-01T02:10:19+00:00\",\"description\":\"Guibudi Ecuador | Con \\\"Guibudi Trip\\\" reg\u00edstrate y viaja de forma c\u00f3moda y segura como Pasajero o genera ingresos como Conductor Seguro \u2714\",\"breadcrumb\":{\"@id\":\"https:\\\/\\\/guibudi.com\\\/ec\\\/mi-cuenta-tienda-guibudi-ecuador\\\/#breadcrumb\"},\"inLanguage\":\"es\",\"potentialAction\":[{\"@type\":\"ReadAction\",\"target\":[\"https:\\\/\\\/guibudi.com\\\/ec\\\/mi-cuenta-tienda-guibudi-ecuador\\\/\"]}]},{\"@type\":\"ImageObject\",\"inLanguage\":\"es\",\"@id\":\"https:\\\/\\\/guibudi.com\\\/ec\\\/mi-cuenta-tienda-guibudi-ecuador\\\/#primaryimage\",\"url\":\"https:\\\/\\\/guibudi.com\\\/ec\\\/wp-content\\\/uploads\\\/sites\\\/2\\\/2025\\\/10\\\/G0102.png\",\"contentUrl\":\"https:\\\/\\\/guibudi.com\\\/ec\\\/wp-content\\\/uploads\\\/sites\\\/2\\\/2025\\\/10\\\/G0102.png\",\"width\":652,\"height\":651},{\"@type\":\"BreadcrumbList\",\"@id\":\"https:\\\/\\\/guibudi.com\\\/ec\\\/mi-cuenta-tienda-guibudi-ecuador\\\/#breadcrumb\",\"itemListElement\":[{\"@type\":\"ListItem\",\"position\":1,\"name\":\"Portada\",\"item\":\"https:\\\/\\\/guibudi.com\\\/ec\\\/\"},{\"@type\":\"ListItem\",\"position\":2,\"name\":\"Mi cuenta Tienda\"}]},{\"@type\":\"WebSite\",\"@id\":\"https:\\\/\\\/guibudi.com\\\/ec\\\/#website\",\"url\":\"https:\\\/\\\/guibudi.com\\\/ec\\\/\",\"name\":\"Guibudi\",\"description\":\"Viaja como pasajero o genera dinero como conductor\",\"publisher\":{\"@id\":\"https:\\\/\\\/guibudi.com\\\/ec\\\/#organization\"},\"alternateName\":\"Guibudi Ecuador\",\"potentialAction\":[{\"@type\":\"SearchAction\",\"target\":{\"@type\":\"EntryPoint\",\"urlTemplate\":\"https:\\\/\\\/guibudi.com\\\/ec\\\/?s={search_term_string}\"},\"query-input\":{\"@type\":\"PropertyValueSpecification\",\"valueRequired\":true,\"valueName\":\"search_term_string\"}}],\"inLanguage\":\"es\"},{\"@type\":\"Organization\",\"@id\":\"https:\\\/\\\/guibudi.com\\\/ec\\\/#organization\",\"name\":\"Guibudi Technologies\",\"alternateName\":\"Guibudi Technologies\",\"url\":\"https:\\\/\\\/guibudi.com\\\/ec\\\/\",\"logo\":{\"@type\":\"ImageObject\",\"inLanguage\":\"es\",\"@id\":\"https:\\\/\\\/guibudi.com\\\/ec\\\/#\\\/schema\\\/logo\\\/image\\\/\",\"url\":\"https:\\\/\\\/guibudi.com\\\/ec\\\/wp-content\\\/uploads\\\/sites\\\/2\\\/2025\\\/10\\\/Logo-GUIBUDI-TRIP-TS.png\",\"contentUrl\":\"https:\\\/\\\/guibudi.com\\\/ec\\\/wp-content\\\/uploads\\\/sites\\\/2\\\/2025\\\/10\\\/Logo-GUIBUDI-TRIP-TS.png\",\"width\":767,\"height\":767,\"caption\":\"Guibudi Technologies\"},\"image\":{\"@id\":\"https:\\\/\\\/guibudi.com\\\/ec\\\/#\\\/schema\\\/logo\\\/image\\\/\"},\"sameAs\":[\"https:\\\/\\\/www.facebook.com\\\/guibudiecuador\\\/\",\"https:\\\/\\\/x.com\\\/GubudiEcuador\"]}]}<\/script>\n<!-- \/ Yoast SEO plugin. -->","yoast_head_json":{"title":"Mi cuenta Tienda - Guibudi Ecuador","description":"Guibudi Ecuador | Con \"Guibudi Trip\" reg\u00edstrate y viaja de forma c\u00f3moda y segura como Pasajero o genera ingresos como Conductor Seguro \u2714","robots":{"index":"noindex","follow":"nofollow"},"og_locale":"es_ES","og_type":"article","og_title":"Mi cuenta Tienda - Guibudi Ecuador","og_description":"Guibudi Ecuador | Con \"Guibudi Trip\" reg\u00edstrate y viaja de forma c\u00f3moda y segura como Pasajero o genera ingresos como Conductor Seguro \u2714","og_url":"https:\/\/guibudi.com\/ec\/mi-cuenta-tienda-guibudi-ecuador\/","og_site_name":"Guibudi Ecuador","article_publisher":"https:\/\/www.facebook.com\/guibudiecuador\/","article_modified_time":"2025-12-01T02:10:19+00:00","og_image":[{"width":652,"height":651,"url":"https:\/\/guibudi.com\/ec\/wp-content\/uploads\/sites\/2\/2025\/10\/G0102.png","type":"image\/png"}],"twitter_card":"summary_large_image","twitter_site":"@GubudiEcuador","twitter_misc":{"Tiempo de lectura":"1 minuto"},"schema":{"@context":"https:\/\/schema.org","@graph":[{"@type":"WebPage","@id":"https:\/\/guibudi.com\/ec\/mi-cuenta-tienda-guibudi-ecuador\/","url":"https:\/\/guibudi.com\/ec\/mi-cuenta-tienda-guibudi-ecuador\/","name":"Mi cuenta Tienda - Guibudi Ecuador","isPartOf":{"@id":"https:\/\/guibudi.com\/ec\/#website"},"primaryImageOfPage":{"@id":"https:\/\/guibudi.com\/ec\/mi-cuenta-tienda-guibudi-ecuador\/#primaryimage"},"image":{"@id":"https:\/\/guibudi.com\/ec\/mi-cuenta-tienda-guibudi-ecuador\/#primaryimage"},"thumbnailUrl":"https:\/\/guibudi.com\/ec\/wp-content\/uploads\/sites\/2\/2025\/10\/G0102.png","datePublished":"2024-12-23T18:39:27+00:00","dateModified":"2025-12-01T02:10:19+00:00","description":"Guibudi Ecuador | Con \"Guibudi Trip\" reg\u00edstrate y viaja de forma c\u00f3moda y segura como Pasajero o genera ingresos como Conductor Seguro \u2714","breadcrumb":{"@id":"https:\/\/guibudi.com\/ec\/mi-cuenta-tienda-guibudi-ecuador\/#breadcrumb"},"inLanguage":"es","potentialAction":[{"@type":"ReadAction","target":["https:\/\/guibudi.com\/ec\/mi-cuenta-tienda-guibudi-ecuador\/"]}]},{"@type":"ImageObject","inLanguage":"es","@id":"https:\/\/guibudi.com\/ec\/mi-cuenta-tienda-guibudi-ecuador\/#primaryimage","url":"https:\/\/guibudi.com\/ec\/wp-content\/uploads\/sites\/2\/2025\/10\/G0102.png","contentUrl":"https:\/\/guibudi.com\/ec\/wp-content\/uploads\/sites\/2\/2025\/10\/G0102.png","width":652,"height":651},{"@type":"BreadcrumbList","@id":"https:\/\/guibudi.com\/ec\/mi-cuenta-tienda-guibudi-ecuador\/#breadcrumb","itemListElement":[{"@type":"ListItem","position":1,"name":"Portada","item":"https:\/\/guibudi.com\/ec\/"},{"@type":"ListItem","position":2,"name":"Mi cuenta Tienda"}]},{"@type":"WebSite","@id":"https:\/\/guibudi.com\/ec\/#website","url":"https:\/\/guibudi.com\/ec\/","name":"Guibudi","description":"Viaja como pasajero o genera dinero como conductor","publisher":{"@id":"https:\/\/guibudi.com\/ec\/#organization"},"alternateName":"Guibudi Ecuador","potentialAction":[{"@type":"SearchAction","target":{"@type":"EntryPoint","urlTemplate":"https:\/\/guibudi.com\/ec\/?s={search_term_string}"},"query-input":{"@type":"PropertyValueSpecification","valueRequired":true,"valueName":"search_term_string"}}],"inLanguage":"es"},{"@type":"Organization","@id":"https:\/\/guibudi.com\/ec\/#organization","name":"Guibudi Technologies","alternateName":"Guibudi Technologies","url":"https:\/\/guibudi.com\/ec\/","logo":{"@type":"ImageObject","inLanguage":"es","@id":"https:\/\/guibudi.com\/ec\/#\/schema\/logo\/image\/","url":"https:\/\/guibudi.com\/ec\/wp-content\/uploads\/sites\/2\/2025\/10\/Logo-GUIBUDI-TRIP-TS.png","contentUrl":"https:\/\/guibudi.com\/ec\/wp-content\/uploads\/sites\/2\/2025\/10\/Logo-GUIBUDI-TRIP-TS.png","width":767,"height":767,"caption":"Guibudi Technologies"},"image":{"@id":"https:\/\/guibudi.com\/ec\/#\/schema\/logo\/image\/"},"sameAs":["https:\/\/www.facebook.com\/guibudiecuador\/","https:\/\/x.com\/GubudiEcuador"]}]}},"jetpack_sharing_enabled":true,"_links":{"self":[{"href":"https:\/\/guibudi.com\/ec\/wp-json\/wp\/v2\/pages\/8","targetHints":{"allow":["GET"]}}],"collection":[{"href":"https:\/\/guibudi.com\/ec\/wp-json\/wp\/v2\/pages"}],"about":[{"href":"https:\/\/guibudi.com\/ec\/wp-json\/wp\/v2\/types\/page"}],"author":[{"embeddable":true,"href":"https:\/\/guibudi.com\/ec\/wp-json\/wp\/v2\/users\/1"}],"replies":[{"embeddable":true,"href":"https:\/\/guibudi.com\/ec\/wp-json\/wp\/v2\/comments?post=8"}],"version-history":[{"count":66,"href":"https:\/\/guibudi.com\/ec\/wp-json\/wp\/v2\/pages\/8\/revisions"}],"predecessor-version":[{"id":6607,"href":"https:\/\/guibudi.com\/ec\/wp-json\/wp\/v2\/pages\/8\/revisions\/6607"}],"wp:featuredmedia":[{"embeddable":true,"href":"https:\/\/guibudi.com\/ec\/wp-json\/wp\/v2\/media\/4509"}],"wp:attachment":[{"href":"https:\/\/guibudi.com\/ec\/wp-json\/wp\/v2\/media?parent=8"}],"curies":[{"name":"wp","href":"https:\/\/api.w.org\/{rel}","templated":true}]}}